{"id":96,"date":"2023-07-07T17:32:44","date_gmt":"2023-07-07T20:32:44","guid":{"rendered":"https:\/\/campanhatocommst.mst.org.br\/?page_id=96"},"modified":"2023-07-11T10:38:34","modified_gmt":"2023-07-11T13:38:34","slug":"espanhol","status":"publish","type":"page","link":"https:\/\/campanhatocommst.mst.org.br\/?page_id=96","title":{"rendered":"espanhol"},"content":{"rendered":"\n<h1 class=\"wp-block-heading\">Carta sobre la CPI contra el MST y contra la reforma agraria<\/h1>\n\n\n\n<p>Se\u00f1or Presidente de la C\u00e1mara&nbsp;<\/p>\n\n\n\n<p>Diputado Arthur Lira&nbsp;<\/p>\n\n\n\n<p>y se\u00f1ores l\u00edderes de todos los partidos<\/p>\n\n\n\n<p>Se\u00f1ores parlamentarios,<\/p>\n\n\n\n<p>Los abajo firmantes estamos muy preocupados por el curso que est\u00e1 tomando la Comisi\u00f3n Parlamentar de Investigaci\u00f3n (CPI) contra el MST, a trav\u00e9s de las declaraciones de parlamentarios ruralistas, de la oposici\u00f3n y de la realizaci\u00f3n de las &nbsp;sesiones.<\/p>\n\n\n\n<p>Hay una clara intenci\u00f3n de criminalizar al MST, a los movimientos del campo y tambi\u00e9n a los movimientos que &nbsp;luchan por vivienda en las ciudades.&nbsp; La Constituci\u00f3n brasile\u00f1a garantiza el leg\u00edtimo derecho a organizar a todas las categor\u00edas de trabajadores y a llevar a cabo diferentes formas de movilizaci\u00f3n en la lucha por sus derechos hist\u00f3ricos.<\/p>\n\n\n\n<p>Nuestra jurisprudencia ha establecido que las ocupaciones realizadas por movimientos populares de forma colectiva no constituyen despojo de propiedad, sino que tienen como objetivo presionar a las autoridades para que apliquen la ley y resuelvan los dict\u00e1menes constitucionales de garantizar la tierra a quienes la trabajan, vivienda digna y trabajo.<\/p>\n\n\n\n<p>La realidad agraria, la injusta estructura de la propiedad, seguramente no ser\u00e1 objeto de investigaci\u00f3n y an\u00e1lisis por parte de la CPI, debido a su plan de trabajo.&nbsp; Y todos sabemos cu\u00e1ntos cr\u00edmenes son cometidos en el medio rural por las clases pudientes y las formas de explotaci\u00f3n de la naturaleza, que afectan a toda la sociedad brasile\u00f1a.<\/p>\n\n\n\n<p>Basta recordar, la propagaci\u00f3n de los cr\u00edmenes ambientales, como la deforestaci\u00f3n e incendios en todos los biomas. Esto provoca cambios clim\u00e1ticos que afectan a toda la poblaci\u00f3n brasile\u00f1a, \u00a1e incluso a todo el continente!<\/p>\n\n\n\n<p>Cr\u00edmenes relacionados con el trabajo esclavo, en \u00e1reas rurales e incluso en el trabajo urbano y dom\u00e9stico.<\/p>\n\n\n\n<p>Cr\u00edmenes relacionados con la invasi\u00f3n de tierras p\u00fablicas y \u00e1reas ind\u00edgenas y quilombolas, con el objetivo de robar madera, miner\u00eda ilegal y apropiaci\u00f3n de los bienes de la naturaleza que son bienes comunes de toda la sociedad.<\/p>\n\n\n\n<p>Cr\u00edmenes relacionados con el uso abusivo de agrot\u00f3xicos, que matan la biodiversidad, contaminan las aguas subterr\u00e1neas, manantiales y r\u00edos. Y afectan a la salud p\u00fablica con la comprobada aparici\u00f3n de c\u00e1ncer causado por el glifosato.&nbsp;&nbsp;&nbsp;<\/p>\n\n\n\n<p>Cr\u00edmenes cometidos contra las personas, en las decenas de asesinatos de trabajadores, pueblos ind\u00edgenas y apoyadores, ocurridos hist\u00f3ricamente, abundantemente registrados y denunciados por la Comisi\u00f3n Pastoral de la Tierra, y que, en su mayor\u00eda, permanecen impunes.<\/p>\n\n\n\n<p>Somos testigos de los esfuerzos del MST y de otros movimientos populares en el campo para desarrollar una reforma agraria popular, que atienda a los intereses de todo el pueblo brasile\u00f1o.&nbsp;&nbsp;&nbsp;<\/p>\n\n\n\n<p>La reforma agraria es una necesidad determinada por nuestra constituci\u00f3n para la desapropiaci\u00f3n de las grandes propiedades improductivas, como la constituci\u00f3n manda, garantizando la democratizaci\u00f3n de la propiedad de la tierra y las oportunidades de trabajo para todas las familias.<\/p>\n\n\n\n<p>Pero ahora tambi\u00e9n hay otros principios paradigm\u00e1ticos, como la necesidad de defender la naturaleza, de proteger las florestas, \u00a1de garantizar la deforestaci\u00f3n cero!<\/p>\n\n\n\n<p>La reforma agraria tiene ahora como principal actividad la producci\u00f3n de alimentos saludables, para todo el pueblo, lo que exige la adopci\u00f3n de la agroecolog\u00eda.<\/p>\n\n\n\n<p>El MST defiende la industrializaci\u00f3n de nuestro pa\u00eds, difundiendo y adoptando la agroindustria cooperativa como forma de procesar y conservar alimentos para abastecer a las poblaciones urbanas.&nbsp; La agroindustria tambi\u00e9n permite la inclusi\u00f3n del trabajo de las mujeres y de la juventud en el campo.<\/p>\n\n\n\n<p>Defiende la mecanizaci\u00f3n de la agricultura familiar como forma de aumentar la productividad del trabajo, incrementar la productividad de la tierra y contribuir a la reindustrializaci\u00f3n del pa\u00eds.<\/p>\n\n\n\n<p>Defiende el acceso a la educaci\u00f3n en todos los niveles, hasta la ense\u00f1anza superior, que es posible gracias al programa PRONERA, que adopta el sistema de alternancia, como forma de facilitar el acceso de los j\u00f3venes que viven en el campo, sin necesidad de emigrar.<\/p>\n\n\n\n<p>Defiende nuestra cultura y gastronom\u00eda brasile\u00f1a, como parte de la sociabilidad y el buen vivir de nuestra poblaci\u00f3n.<\/p>\n\n\n\n<p>Es un programa de desarrollo necesario, que todo el pueblo brasile\u00f1o necesita.<\/p>\n\n\n\n<p>Por todas estas razones, manifestamos nuestra preocupaci\u00f3n con el rumbo de la CPI y esperamos que Vuestras Excelencias velen por los principios republicanos y democr\u00e1ticos, para evitar atropellos y el uso de la ret\u00f3rica para difundir mentiras, odio, violencia, discriminaci\u00f3n y persecuciones in\u00fatiles, que en nada contribuyen a la soluci\u00f3n de los verdaderos problemas agrarios.<\/p>\n\n\n\n<p>Nos solidarizamos con el MST porque en sus 40 a\u00f1os de actuaci\u00f3n ha contribuido a la lucha contra la pobreza, la desigualdad social y la mejora de las condiciones de vida de nuestro pueblo.<\/p>\n\n\n\n<p>Atentamente<\/p>\n\n\n\n<p>Junio de 2023<\/p>\n\n\n\n<p><\/p>\n\n\n\n<figure class=\"wp-block-table is-style-regular has-medium-font-size\" style=\"font-style:normal;font-weight:800\"><table class=\"has-palette-color-4-color has-text-color\" style=\"border-style:none;border-width:0px\"><tbody><tr><td>Afonsinho, m\u00e9dico y ex futbolista<\/td><td>Celia Gon\u00e7alves, makota del CENARAB<\/td><td>Fernando Morais, escritor<\/td><\/tr><tr><td>Ariovaldo Ramos, pastor evang\u00e9lico<\/td><td>Chico Buarque, escritor y m\u00fasico<\/td><td>Frei Betto, escritor y asesor de movimientos populares.<\/td><\/tr><tr><td>Carol Proner, jurista y profesora<\/td><td>Eduardo Moreira, economista<\/td><td>Jacques Alfonsin, jurista<\/td><\/tr><tr><td>Jos\u00e9 Trajano, comentarista deportivo.<\/td><td><\/td><td><\/td><\/tr><\/tbody><\/table><\/figure>\n\n\n\n<p><\/p>\n\n\n\n<p><\/p>\n\n\n<div id=\"cf7_2_post_b624b67c89\" class=\"cf7_2_post cf7_form_143\">\n<div class=\"wpcf7 no-js\" id=\"wpcf7-f143-o1\" lang=\"pt-BR\" dir=\"ltr\">\n<div class=\"screen-reader-response\"><p role=\"status\" aria-live=\"polite\" aria-atomic=\"true\"><\/p> <ul><\/ul><\/div>\n<form action=\"\/index.php?rest_route=%2Fwp%2Fv2%2Fpages%2F96#wpcf7-f143-o1\" method=\"post\" class=\"wpcf7-form init\" aria-label=\"Formul\u00e1rios de contato\" novalidate=\"novalidate\" data-status=\"init\">\n<div style=\"display: none;\">\n<input type=\"hidden\" name=\"_wpcf7\" value=\"143\" \/>\n<input type=\"hidden\" name=\"_wpcf7_version\" value=\"5.8.7\" \/>\n<input type=\"hidden\" name=\"_wpcf7_locale\" value=\"pt_BR\" \/>\n<input type=\"hidden\" name=\"_wpcf7_unit_tag\" value=\"wpcf7-f143-o1\" \/>\n<input type=\"hidden\" name=\"_wpcf7_container_post\" value=\"0\" \/>\n<input type=\"hidden\" name=\"_wpcf7_posted_data_hash\" value=\"\" \/>\n<input type=\"hidden\" name=\"_map_author\" value=\"1\" \/>\n<input type=\"hidden\" name=\"_c2p_nonce\" value=\"5ba2444e3e\" \/>\n<input type=\"hidden\" name=\"_wpnonce\" value=\"e78f3d1654\" \/>\n<\/div>\n<p><label> NOMBRE.<br \/>\n<span class=\"wpcf7-form-control-wrap\" data-name=\"your-name\"><input size=\"40\" class=\"wpcf7-form-control wpcf7-text wpcf7-validates-as-required\" autocomplete=\"name\" aria-required=\"true\" aria-invalid=\"false\" value=\"\" type=\"text\" name=\"your-name\" \/><\/span> <\/label>\n<\/p>\n<p><label> CORREO ELECTR\u00d3NICO<br \/>\n<span class=\"wpcf7-form-control-wrap\" data-name=\"your-email\"><input size=\"40\" class=\"wpcf7-form-control wpcf7-email wpcf7-validates-as-required wpcf7-text wpcf7-validates-as-email\" autocomplete=\"email\" aria-required=\"true\" aria-invalid=\"false\" value=\"\" type=\"email\" name=\"your-email\" \/><\/span> <\/label>\n<\/p>\n<p><label> PAIS.<br \/>\n<span class=\"wpcf7-form-control-wrap\" data-name=\"pays\"><input size=\"40\" class=\"wpcf7-form-control wpcf7-text\" aria-invalid=\"false\" value=\"\" type=\"text\" name=\"pays\" \/><\/span> <\/label>\n<\/p>\n<p><label> ORGANIZAC\u00cdON.<br \/>\n<span class=\"wpcf7-form-control-wrap\" data-name=\"organizacion\"><input size=\"40\" class=\"wpcf7-form-control wpcf7-text\" aria-invalid=\"false\" value=\"\" type=\"text\" name=\"organizacion\" \/><\/span> <\/label>\n<\/p>\n<p><label> PROFESI\u00d2N.<br \/>\n<span class=\"wpcf7-form-control-wrap\" data-name=\"profesion\"><input size=\"40\" class=\"wpcf7-form-control wpcf7-text wpcf7-validates-as-required\" aria-required=\"true\" aria-invalid=\"false\" value=\"\" type=\"text\" name=\"profesion\" \/><\/span> <\/label>\n<\/p>\n<p><input class=\"wpcf7-form-control wpcf7-submit has-spinner\" type=\"submit\" value=\"Enviar\" \/>\n<\/p><div class=\"wpcf7-response-output\" aria-hidden=\"true\"><\/div>\n<\/form>\n<\/div>\n\n<\/div>\n<p>Visits: 1353<\/p>","protected":false},"excerpt":{"rendered":"<p>Carta sobre la CPI contra el MST y contra la reforma agraria Se\u00f1or Presidente de la C\u00e1mara&nbsp; Diputado Arthur Lira&nbsp; y se\u00f1ores l\u00edderes de todos los partidos Se\u00f1ores parlamentarios, Los abajo firmantes estamos muy preocupados por el curso que est\u00e1 tomando la Comisi\u00f3n Parlamentar de Investigaci\u00f3n (CPI) contra el MST, a trav\u00e9s de las declaraciones [&hellip;]<\/p>\n","protected":false},"author":2,"featured_media":0,"parent":0,"menu_order":0,"comment_status":"closed","ping_status":"closed","template":"","meta":{"footnotes":""},"class_list":["post-96","page","type-page","status-publish","hentry"],"blocksy_meta":{"page_structure_type":"type-4","has_hero_section":"default","hero_section":"type-2","content_style_source":"inherit","vertical_spacing_source":"inherit","content_style":{"0":"w","1":"i","2":"d","3":"e","desktop":"wide","tablet":"wide","mobile":"wide","__changed":["mobile"]},"hero_elements":[{"id":"custom_title","enabled":true,"heading_tag":"h1","title":"Home","__id":"b9o55Vm9F0ugZZJBJ9QvC"},{"id":"custom_description","enabled":true,"description_visibility":{"desktop":true,"tablet":true,"mobile":false},"__id":"hitKi1bxaJUY3BAwTGXI7"},{"id":"custom_meta","enabled":false,"meta_elements":[{"id":"author","enabled":true,"label":"Por","has_author_avatar":"yes","avatar_size":25},{"id":"post_date","enabled":true,"label":"Ligar","date_format_source":"default","date_format":"M j, Y"},{"id":"updated_date","enabled":false,"label":"Ligar","date_format_source":"default","date_format":"M j, Y"},{"id":"categories","enabled":false,"label":"Em","style":"simple"},{"id":"comments","enabled":true}],"page_meta_elements":{"joined":true,"articles_count":true,"comments":true},"__id":"bXQ4RykMj9y-_-1Hd32Ht"},{"id":"breadcrumbs","enabled":false,"__id":"7djXLLIiTp7tokuArnYk_"}],"hero_structure":"narrow","disable_header":"no","background":{"desktop":{"background_type":"color","background_pattern":"type-1","background_image":{"attachment_id":null,"x":0,"y":0},"gradient":"linear-gradient(135deg,rgba(6,147,227,1) 0%,rgb(155,81,224) 100%)","background_repeat":"repeat","background_size":"auto","background_attachment":"scroll","patternColor":{"default":{"color":"#e5e7ea"}},"overlayColor":{"default":{"color":"CT_CSS_SKIP_RULE"}},"backgroundColor":{"default":{"color":"CT_CSS_SKIP_RULE"}}},"tablet":{"background_type":"color","background_pattern":"type-1","background_image":{"attachment_id":null,"x":0,"y":0},"gradient":"linear-gradient(135deg,rgba(6,147,227,1) 0%,rgb(155,81,224) 100%)","background_repeat":"repeat","background_size":"auto","background_attachment":"scroll","patternColor":{"default":{"color":"#e5e7ea"}},"overlayColor":{"default":{"color":"CT_CSS_SKIP_RULE"}},"backgroundColor":{"default":{"color":"CT_CSS_SKIP_RULE"}}},"mobile":{"background_type":"color","background_pattern":"type-1","background_image":{"attachment_id":null,"x":0,"y":0},"gradient":"linear-gradient(135deg,rgba(6,147,227,1) 0%,rgb(155,81,224) 100%)","background_repeat":"repeat","background_size":"auto","background_attachment":"scroll","patternColor":{"default":{"color":"#e5e7ea"}},"overlayColor":{"default":{"color":"CT_CSS_SKIP_RULE"}},"backgroundColor":{"default":{"color":"#ffffff"}}},"__changed":["mobile"]},"disable_featured_image":"no","disable_share_box":"no","content_area_spacing":"both","styles_descriptor":{"styles":{"desktop":"","tablet":"","mobile":"[data-prefix=\"single_page\"] {background-color:#ffffff;background-image:none;}"},"google_fonts":[],"version":6}},"_links":{"self":[{"href":"https:\/\/campanhatocommst.mst.org.br\/index.php?rest_route=\/wp\/v2\/pages\/96","targetHints":{"allow":["GET"]}}],"collection":[{"href":"https:\/\/campanhatocommst.mst.org.br\/index.php?rest_route=\/wp\/v2\/pages"}],"about":[{"href":"https:\/\/campanhatocommst.mst.org.br\/index.php?rest_route=\/wp\/v2\/types\/page"}],"author":[{"embeddable":true,"href":"https:\/\/campanhatocommst.mst.org.br\/index.php?rest_route=\/wp\/v2\/users\/2"}],"replies":[{"embeddable":true,"href":"https:\/\/campanhatocommst.mst.org.br\/index.php?rest_route=%2Fwp%2Fv2%2Fcomments&post=96"}],"version-history":[{"count":9,"href":"https:\/\/campanhatocommst.mst.org.br\/index.php?rest_route=\/wp\/v2\/pages\/96\/revisions"}],"predecessor-version":[{"id":14599,"href":"https:\/\/campanhatocommst.mst.org.br\/index.php?rest_route=\/wp\/v2\/pages\/96\/revisions\/14599"}],"wp:attachment":[{"href":"https:\/\/campanhatocommst.mst.org.br\/index.php?rest_route=%2Fwp%2Fv2%2Fmedia&parent=96"}],"curies":[{"name":"wp","href":"https:\/\/api.w.org\/{rel}","templated":true}]}}