{"id":2,"date":"2023-07-03T22:50:40","date_gmt":"2023-07-04T01:50:40","guid":{"rendered":"https:\/\/campanhatocommst.mst.org.br\/?page_id=2"},"modified":"2023-07-10T15:05:21","modified_gmt":"2023-07-10T18:05:21","slug":"sample-page","status":"publish","type":"page","link":"https:\/\/campanhatocommst.mst.org.br\/?page_id=2","title":{"rendered":"Frances"},"content":{"rendered":"\n<p><\/p>\n\n\n\n<h1 class=\"wp-block-heading\"><strong>Lettre concernant la Commission d&#8217;enqu\u00eate parlementaire (CPI) contre le Mouvement des travailleurs ruraux sans terre (MST) et contre la r\u00e9forme agraire<\/strong><\/h1>\n\n\n\n<p><strong>Monsieur le Pr\u00e9sident de la Chambre des D\u00e9put\u00e9s Monsieur Arthur LIRA ,<\/strong><\/p>\n\n\n\n<p><strong>Mesdames et Messieurs les dirigeants de tous les partis,<\/strong><\/p>\n\n\n\n<p><strong>Mesdames et Messieurs les d\u00e9put\u00e9s,<\/strong><\/p>\n\n\n\n<p>Nous soussign\u00e9s manifestons notre pr\u00e9occupation concernant l\u2019orientation prise par la CPI contre le MST, rendue \u00e9vidente par les d\u00e9clarations faites par les parlementaires ruralistes et de l&#8217;opposition, lors des s\u00e9ances qui se tiennent en ce moment.<\/p>\n\n\n\n<p>L\u2019intention de criminaliser le MST, les mouvements ruraux, ainsi que les mouvements urbains qui luttent pour le droit au logement est ouvertement exprim\u00e9e. Or, la constitution br\u00e9silienne pr\u00e9voit le droit l\u00e9gitime d\u2019organisation, assur\u00e9 \u00e0 toutes les cat\u00e9gories de travailleurs, qui se mobilisent et m\u00e8nent la lutte pour leurs droits historiques.<\/p>\n\n\n\n<p>La jurisprudence br\u00e9silienne a \u00e9tabli que les occupations collectives men\u00e9es par des mouvements populaires ne constituent pas une privation de propri\u00e9t\u00e9, mais plut\u00f4t une forme de pression exerc\u00e9e sur les autorit\u00e9s afin qu&#8217;elles assurent l&#8217;application de la loi et le respect des principes constitutionnels garantissant le droit \u00e0 la terre pour ceux qui la cultivent, le droit au logement et le droit \u00e0 un travail d\u00e9cent.<\/p>\n\n\n\n<p>En examinant le plan de travail de la CPI, il est \u00e9vident que la r\u00e9alit\u00e9 agraire et la structure injuste de la propri\u00e9t\u00e9 ne seront certainement pas abord\u00e9es dans ses analyses. Or, nous sommes tous conscients du nombre de crimes commis dans les zones rurales par les grands propri\u00e9taires terriens et des formes d&#8217;exploitation de la nature qui ont des r\u00e9percussions sur l&#8217;ensemble de la soci\u00e9t\u00e9 br\u00e9silienne.<\/p>\n\n\n\n<p>Il suffit de se rappeler du grand nombre de crimes environnementaux, tels que la d\u00e9forestation et les incendies criminels, pr\u00e9sents dans tous les biomes. Ces crimes intensifient les changements climatiques, qui affectent l&#8217;ensemble de la population br\u00e9silienne et m\u00eame le continent tout entier.<\/p>\n\n\n\n<p>Citons aussi les crimes de travail analogue \u00e0 l\u2019esclavage, aussi bien en milieu rural que dans les zones urbaines.<\/p>\n\n\n\n<p>Les crimes li\u00e9s \u00e0 l&#8217;occupation ill\u00e9gale des terres publiques, des zones autochtones et quilombolas, dans le but de piller les ressources foresti\u00e8res, d&#8217;effectuer des activit\u00e9s mini\u00e8res ill\u00e9gales et de s&#8217;approprier les richesses naturelles qui appartiennent collectivement \u00e0 toute la soci\u00e9t\u00e9, sont monnaie courante.<\/p>\n\n\n\n<p>Les crimes li\u00e9s \u00e0 l&#8217;utilisation abusive de pesticides, qui d\u00e9truisent la biodiversit\u00e9, contaminent les nappes phr\u00e9atiques, les sources d\u2019eau et les rivi\u00e8res, tout en affectant la sant\u00e9 publique, avec l&#8217;apparition av\u00e9r\u00e9e de cancers provoqu\u00e9s par le glyphosate.&nbsp;&nbsp;&nbsp;<\/p>\n\n\n\n<p>Les crimes commis contre les personnes, comme les dizaines d&#8217;assassinats de travailleurs, de peuples indig\u00e8nes et de militants des droits humains, qui se sont produits au cours de l&#8217;histoire, abondamment d\u00e9nonc\u00e9s par la Commission pastorale de la terre, et qui, dans la plupart des cas, restent impunis.<\/p>\n\n\n\n<p>Nous sommes t\u00e9moins des efforts d\u00e9ploy\u00e9s par le MST et d&#8217;autres mouvements populaires dans les campagnes pour mettre en place une r\u00e9forme agraire populaire qui serve les int\u00e9r\u00eats de l&#8217;ensemble du peuple br\u00e9silien.&nbsp;&nbsp;&nbsp;<\/p>\n\n\n\n<p>La r\u00e9forme agraire est une n\u00e9cessit\u00e9 clairement \u00e9nonc\u00e9e par notre constitution, qui pr\u00e9voit l&#8217;expropriation des grandes propri\u00e9t\u00e9s non productives, afin d&#8217;assurer la d\u00e9mocratisation de la propri\u00e9t\u00e9 fonci\u00e8re et des opportunit\u00e9s d&#8217;emploi pour toutes les familles.<\/p>\n\n\n\n<p>Au principes enonc\u00e9s par la constitution, s\u2019ajoutent d\u2019autres, tels que la n\u00e9cessit\u00e9 de d\u00e9fendre la nature, de prot\u00e9ger les for\u00eats, d\u2019assurer la d\u00e9forestation z\u00e9ro.<\/p>\n\n\n\n<p>La r\u00e9forme agraire assume d\u00e9sormais comme principal objectif la production d&#8217;aliments sains, pour tous, ce qui demande l&#8217;adoption de l&#8217;agro\u00e9cologie.<\/p>\n\n\n\n<p>Le MST d\u00e9fend l&#8217;industrialisation de notre pays, la diffusion et l&#8217;adoption de l&#8217;agro-industrie coop\u00e9rative comme moyen de transformation et de conservation des denr\u00e9es alimentaires, pour approvisionner les populations urbaines.&nbsp; L&#8217;agro-industrie permet \u00e9galement d\u2019assurer l\u2019inclusion des femmes et de la jeunesse.<\/p>\n\n\n\n<p>Le MST d\u00e9fend la m\u00e9canisation de l&#8217;agriculture familiale comme moyen d&#8217;augmenter la productivit\u00e9 du travail et de la terre et de contribuer \u00e0 la r\u00e9industrialisation du pays.<\/p>\n\n\n\n<p>Il d\u00e9fend l&#8217;acc\u00e8s \u00e0 l&#8217;\u00e9ducation \u00e0 tous les niveaux, jusqu&#8217;\u00e0 l&#8217;enseignement sup\u00e9rieur, ce qui est rendu possible par le programme PRONERA, qui adopte le syst\u00e8me d&#8217;alternance, comme moyen de faciliter l&#8217;acc\u00e8s aux \u00e9tudes des jeunes qui vivent dans les milieux ruraux, sans qu&#8217;ils aient besoin d&#8217;\u00e9migrer.<\/p>\n\n\n\n<p>Le MST d\u00e9fend notre culture et notre cuisine br\u00e9siliennes, qui font partie de la sociabilit\u00e9 et de la qualit\u00e9 de vie de notre population.<\/p>\n\n\n\n<p>Pour toutes ces raisons, nous exprimons notre inqui\u00e9tude face aux derniers tournants pris par la CPI et esp\u00e9rons que vos Excellences veilleront aux principes r\u00e9publicains et d\u00e9mocratiques, afin d&#8217;\u00e9viter l\u2019utilisation de la rh\u00e9torique pour r\u00e9pandre le mensonge, la haine, la violence, la discrimination et les pers\u00e9cutions, qui ne contribuent en rien \u00e0 la solution des v\u00e9ritables probl\u00e8mes agraires.<\/p>\n\n\n\n<p>Nous sommes solidaires au MST car, en 40 ans d&#8217;activit\u00e9, ce mouvement a contribu\u00e9 \u00e0 la lutte contre la pauvret\u00e9, l&#8217;in\u00e9galit\u00e9 sociale et \u00e0 l&#8217;am\u00e9lioration des conditions de vie de notre peuple.<\/p>\n\n\n\n<p>Nous vous prions d&#8217;agr\u00e9er, Monsieur le Pr\u00e9sident, l&#8217;expression de nos salutations distingu\u00e9es.<\/p>\n\n\n\n<p>Juin 2023<\/p>\n\n\n\n<p><\/p>\n\n\n\n<figure class=\"wp-block-table is-style-regular has-medium-font-size\" style=\"font-style:normal;font-weight:800\"><table class=\"has-palette-color-4-color has-text-color\" style=\"border-style:none;border-width:0px\"><tbody><tr><td>Afonsinho, m\u00e9decin et ancien joueur de football<\/td><td>Celia Gon\u00e7alves, Makota du CENARAB<\/td><td>Fernando Morais, \u00e9crivain<\/td><\/tr><tr><td>Ariovaldo Ramos, pasteur \u00e9vang\u00e9lique<\/td><td>Chico Buarque, \u00e9crivain et musicien<\/td><td>Frei Betto, \u00e9crivain et conseiller des mouvements populaires.<\/td><\/tr><tr><td>Carol Proner, juriste et professeur d&#8217;universit\u00e9<\/td><td>Eduardo Moreira, \u00e9conomiste<\/td><td>Jacques Alfonsin, jurist<\/td><\/tr><tr><td>Jose Trajano, sports commentator.<\/td><td><\/td><td><\/td><\/tr><\/tbody><\/table><\/figure>\n\n\n\n<p><\/p>\n\n\n\n<p><\/p>\n\n\n<div id=\"cf7_2_post_6df20b9109\" class=\"cf7_2_post cf7_form_119\">\n<div class=\"wpcf7 no-js\" id=\"wpcf7-f119-o1\" lang=\"pt-BR\" dir=\"ltr\">\n<div class=\"screen-reader-response\"><p role=\"status\" aria-live=\"polite\" aria-atomic=\"true\"><\/p> <ul><\/ul><\/div>\n<form action=\"\/index.php?rest_route=%2Fwp%2Fv2%2Fpages%2F2#wpcf7-f119-o1\" method=\"post\" class=\"wpcf7-form init\" aria-label=\"Formul\u00e1rios de contato\" novalidate=\"novalidate\" data-status=\"init\">\n<div style=\"display: none;\">\n<input type=\"hidden\" name=\"_wpcf7\" value=\"119\" \/>\n<input type=\"hidden\" name=\"_wpcf7_version\" value=\"5.8.7\" \/>\n<input type=\"hidden\" name=\"_wpcf7_locale\" value=\"pt_BR\" \/>\n<input type=\"hidden\" name=\"_wpcf7_unit_tag\" value=\"wpcf7-f119-o1\" \/>\n<input type=\"hidden\" name=\"_wpcf7_container_post\" value=\"0\" \/>\n<input type=\"hidden\" name=\"_wpcf7_posted_data_hash\" value=\"\" \/>\n<input type=\"hidden\" name=\"_map_author\" value=\"1\" \/>\n<input type=\"hidden\" name=\"_c2p_nonce\" value=\"243c6aff86\" \/>\n<input type=\"hidden\" name=\"_wpnonce\" value=\"11665fd29c\" \/>\n<\/div>\n<p><label> NOM\/PR\u00c9NOM .<br \/>\n<span class=\"wpcf7-form-control-wrap\" data-name=\"your-name\"><input size=\"40\" class=\"wpcf7-form-control wpcf7-text wpcf7-validates-as-required\" autocomplete=\"name\" aria-required=\"true\" aria-invalid=\"false\" value=\"\" type=\"text\" name=\"your-name\" \/><\/span> <\/label>\n<\/p>\n<p><label> E-MAIL.<br \/>\n<span class=\"wpcf7-form-control-wrap\" data-name=\"your-email\"><input size=\"40\" class=\"wpcf7-form-control wpcf7-email wpcf7-validates-as-required wpcf7-text wpcf7-validates-as-email\" autocomplete=\"email\" aria-required=\"true\" aria-invalid=\"false\" value=\"\" type=\"email\" name=\"your-email\" \/><\/span> <\/label>\n<\/p>\n<p><label> PAYS.<br \/>\n<span class=\"wpcf7-form-control-wrap\" data-name=\"pays\"><input size=\"40\" class=\"wpcf7-form-control wpcf7-text wpcf7-validates-as-required\" aria-required=\"true\" aria-invalid=\"false\" value=\"\" type=\"text\" name=\"pays\" \/><\/span> <\/label>\n<\/p>\n<p><label> ORGANISATION.<br \/>\n<span class=\"wpcf7-form-control-wrap\" data-name=\"organisation\"><input size=\"40\" class=\"wpcf7-form-control wpcf7-text\" aria-invalid=\"false\" value=\"\" type=\"text\" name=\"organisation\" \/><\/span> <\/label>\n<\/p>\n<p><label> PROFESSION.<br \/>\n<span class=\"wpcf7-form-control-wrap\" data-name=\"profession\"><input size=\"40\" class=\"wpcf7-form-control wpcf7-text wpcf7-validates-as-required\" aria-required=\"true\" aria-invalid=\"false\" value=\"\" type=\"text\" name=\"profession\" \/><\/span> <\/label>\n<\/p>\n<p><input class=\"wpcf7-form-control wpcf7-submit has-spinner\" type=\"submit\" value=\"ENVOYER\" \/>\n<\/p><div class=\"wpcf7-response-output\" aria-hidden=\"true\"><\/div>\n<\/form>\n<\/div>\n\n<\/div>\n\n\n\n<div class=\"wp-block-group alignfull has-contrast-color has-text-color has-link-color wp-elements-656b55b3e598dc08e6fd533f503ed2b3 is-content-justification-space-between is-layout-flex wp-container-core-group-is-layout-3f94fa88 wp-block-group-is-layout-flex\" style=\"padding-top:var(--wp--preset--spacing--30);padding-right:var(--wp--preset--spacing--30);padding-bottom:var(--wp--preset--spacing--30);padding-left:var(--wp--preset--spacing--30)\"><h1 class=\"wp-block-site-title\"><a href=\"https:\/\/campanhatocommst.mst.org.br\" target=\"_self\" rel=\"home\">#IMWithMST<\/a><\/h1>\n\n<nav class=\"is-responsive items-justified-right wp-block-navigation is-content-justification-right is-layout-flex wp-container-core-navigation-is-layout-f665d2b5 wp-block-navigation-is-layout-flex\" aria-label=\"Cabe\u00e7alho navega\u00e7\u00e3o\" \n\t\t data-wp-interactive=\"core\/navigation\" data-wp-context='{\"overlayOpenedBy\":{\"click\":false,\"hover\":false,\"focus\":false},\"type\":\"overlay\",\"roleAttribute\":\"\",\"ariaLabel\":\"Menu\"}'><button aria-haspopup=\"dialog\" aria-label=\"Abrir menu\" class=\"wp-block-navigation__responsive-container-open always-shown\" \n\t\t\t\tdata-wp-on--click=\"actions.openMenuOnClick\"\n\t\t\t\tdata-wp-on--keydown=\"actions.handleMenuKeydown\"\n\t\t\t><svg width=\"24\" height=\"24\" xmlns=\"http:\/\/www.w3.org\/2000\/svg\" viewBox=\"0 0 24 24\" aria-hidden=\"true\" focusable=\"false\"><path d=\"M4 7.5h16v1.5H4z\"><\/path><path d=\"M4 15h16v1.5H4z\"><\/path><\/svg><\/button>\n\t\t\t\t<div class=\"wp-block-navigation__responsive-container hidden-by-default\"  id=\"modal-1\" \n\t\t\t\tdata-wp-class--has-modal-open=\"state.isMenuOpen\"\n\t\t\t\tdata-wp-class--is-menu-open=\"state.isMenuOpen\"\n\t\t\t\tdata-wp-watch=\"callbacks.initMenu\"\n\t\t\t\tdata-wp-on--keydown=\"actions.handleMenuKeydown\"\n\t\t\t\tdata-wp-on--focusout=\"actions.handleMenuFocusout\"\n\t\t\t\ttabindex=\"-1\"\n\t\t\t>\n\t\t\t\t\t<div class=\"wp-block-navigation__responsive-close\" tabindex=\"-1\">\n\t\t\t\t\t\t<div class=\"wp-block-navigation__responsive-dialog\" \n\t\t\t\tdata-wp-bind--aria-modal=\"state.ariaModal\"\n\t\t\t\tdata-wp-bind--aria-label=\"state.ariaLabel\"\n\t\t\t\tdata-wp-bind--role=\"state.roleAttribute\"\n\t\t\t>\n\t\t\t\t\t\t\t<button aria-label=\"Fechar menu\" class=\"wp-block-navigation__responsive-container-close\" \n\t\t\t\tdata-wp-on--click=\"actions.closeMenuOnClick\"\n\t\t\t><svg xmlns=\"http:\/\/www.w3.org\/2000\/svg\" viewBox=\"0 0 24 24\" width=\"24\" height=\"24\" aria-hidden=\"true\" focusable=\"false\"><path d=\"m13.06 12 6.47-6.47-1.06-1.06L12 10.94 5.53 4.47 4.47 5.53 10.94 12l-6.47 6.47 1.06 1.06L12 13.06l6.47 6.47 1.06-1.06L13.06 12Z\"><\/path><\/svg><\/button>\n\t\t\t\t\t\t\t<div class=\"wp-block-navigation__responsive-container-content\" \n\t\t\t\tdata-wp-watch=\"callbacks.focusFirstElement\"\n\t\t\t id=\"modal-1-content\">\n\t\t\t\t\t\t\t\t<ul class=\"wp-block-navigation__container is-responsive items-justified-right wp-block-navigation\"><li class=\" wp-block-navigation-item wp-block-navigation-link\"><a class=\"wp-block-navigation-item__content\"  href=\"https:\/\/campanhatocommst.mst.org.br\/?page_id=2\"><span class=\"wp-block-navigation-item__label\"><em>Compartilhe<\/em><\/span><\/a><\/li><li class=\"wp-block-navigation-item\">\n<ul class=\"wp-block-social-links is-style-rounded is-layout-flex wp-block-social-links-is-layout-flex\"><li class=\"wp-social-link wp-social-link-whatsapp  wp-block-social-link\"><a href=\"https:\/\/api.whatsapp.com\/send?text=%23T\u00f4ComMST+Apoie%21+https%3a%2f%2fwww.mstemdebate.com.br\" class=\"wp-block-social-link-anchor\"><svg width=\"24\" height=\"24\" viewBox=\"0 0 24 24\" version=\"1.1\" xmlns=\"http:\/\/www.w3.org\/2000\/svg\" aria-hidden=\"true\" focusable=\"false\"><path d=\"M 12.011719 2 C 6.5057187 2 2.0234844 6.478375 2.0214844 11.984375 C 2.0204844 13.744375 2.4814687 15.462563 3.3554688 16.976562 L 2 22 L 7.2324219 20.763672 C 8.6914219 21.559672 10.333859 21.977516 12.005859 21.978516 L 12.009766 21.978516 C 17.514766 21.978516 21.995047 17.499141 21.998047 11.994141 C 22.000047 9.3251406 20.962172 6.8157344 19.076172 4.9277344 C 17.190172 3.0407344 14.683719 2.001 12.011719 2 z M 12.009766 4 C 14.145766 4.001 16.153109 4.8337969 17.662109 6.3417969 C 19.171109 7.8517969 20.000047 9.8581875 19.998047 11.992188 C 19.996047 16.396187 16.413812 19.978516 12.007812 19.978516 C 10.674812 19.977516 9.3544062 19.642812 8.1914062 19.007812 L 7.5175781 18.640625 L 6.7734375 18.816406 L 4.8046875 19.28125 L 5.2851562 17.496094 L 5.5019531 16.695312 L 5.0878906 15.976562 C 4.3898906 14.768562 4.0204844 13.387375 4.0214844 11.984375 C 4.0234844 7.582375 7.6067656 4 12.009766 4 z M 8.4765625 7.375 C 8.3095625 7.375 8.0395469 7.4375 7.8105469 7.6875 C 7.5815469 7.9365 6.9355469 8.5395781 6.9355469 9.7675781 C 6.9355469 10.995578 7.8300781 12.182609 7.9550781 12.349609 C 8.0790781 12.515609 9.68175 15.115234 12.21875 16.115234 C 14.32675 16.946234 14.754891 16.782234 15.212891 16.740234 C 15.670891 16.699234 16.690438 16.137687 16.898438 15.554688 C 17.106437 14.971687 17.106922 14.470187 17.044922 14.367188 C 16.982922 14.263188 16.816406 14.201172 16.566406 14.076172 C 16.317406 13.951172 15.090328 13.348625 14.861328 13.265625 C 14.632328 13.182625 14.464828 13.140625 14.298828 13.390625 C 14.132828 13.640625 13.655766 14.201187 13.509766 14.367188 C 13.363766 14.534188 13.21875 14.556641 12.96875 14.431641 C 12.71875 14.305641 11.914938 14.041406 10.960938 13.191406 C 10.218937 12.530406 9.7182656 11.714844 9.5722656 11.464844 C 9.4272656 11.215844 9.5585938 11.079078 9.6835938 10.955078 C 9.7955938 10.843078 9.9316406 10.663578 10.056641 10.517578 C 10.180641 10.371578 10.223641 10.267562 10.306641 10.101562 C 10.389641 9.9355625 10.347156 9.7890625 10.285156 9.6640625 C 10.223156 9.5390625 9.737625 8.3065 9.515625 7.8125 C 9.328625 7.3975 9.131125 7.3878594 8.953125 7.3808594 C 8.808125 7.3748594 8.6425625 7.375 8.4765625 7.375 z\"><\/path><\/svg><span class=\"wp-block-social-link-label screen-reader-text\">WhatsApp<\/span><\/a><\/li><\/ul>\n<\/li><li class=\"wp-block-navigation-item\">\n<ul class=\"wp-block-social-links has-icon-color has-icon-background-color is-content-justification-left is-layout-flex wp-container-core-social-links-is-layout-fc4fd283 wp-block-social-links-is-layout-flex\"><li style=\"color:#ffffff;background-color:#3962e3;\" class=\"wp-social-link wp-social-link-facebook  wp-block-social-link\"><a href=\"https:\/\/www.facebook.com\/login.php?skip_api_login=1&#038;api_key=966242223397117&#038;signed_next=1&#038;next=https%3A%2F%2Fwww.facebook.com%2Fsharer%2Fsharer.php%3Fu%3Dhttps%253A%252F%252Fwww.mstemdebate.com.br&#038;cancel_url=https%3A%2F%2Fwww.facebook.com%2Fdialog%2Fclose_window%2F%3Fapp_id%3D966242223397117%26connect%3D0%23_%3D_&#038;display=popup&#038;locale=pt_BR\" class=\"wp-block-social-link-anchor\"><svg width=\"24\" height=\"24\" viewBox=\"0 0 24 24\" version=\"1.1\" xmlns=\"http:\/\/www.w3.org\/2000\/svg\" aria-hidden=\"true\" focusable=\"false\"><path d=\"M12 2C6.5 2 2 6.5 2 12c0 5 3.7 9.1 8.4 9.9v-7H7.9V12h2.5V9.8c0-2.5 1.5-3.9 3.8-3.9 1.1 0 2.2.2 2.2.2v2.5h-1.3c-1.2 0-1.6.8-1.6 1.6V12h2.8l-.4 2.9h-2.3v7C18.3 21.1 22 17 22 12c0-5.5-4.5-10-10-10z\"><\/path><\/svg><span class=\"wp-block-social-link-label screen-reader-text\">Facebook<\/span><\/a><\/li><\/ul>\n<\/li><li class=\"wp-block-navigation-item\">\n<ul class=\"wp-block-social-links has-icon-color has-icon-background-color is-layout-flex wp-block-social-links-is-layout-flex\"><li style=\"color:#ffffff;background-color:#3962e3;\" class=\"wp-social-link wp-social-link-twitter  wp-block-social-link\"><a href=\"https:\/\/twitter.com\/i\/flow\/login?redirect_after_login=%2Fintent%2Ftweet%3Ftext%3D%2523T%25c3%25b4ComMST%2BApoie%2521%26url%3Dhttps%253a%252f%252fwww.mstemdebate.com.br\" class=\"wp-block-social-link-anchor\"><svg width=\"24\" height=\"24\" viewBox=\"0 0 24 24\" version=\"1.1\" xmlns=\"http:\/\/www.w3.org\/2000\/svg\" aria-hidden=\"true\" focusable=\"false\"><path d=\"M22.23,5.924c-0.736,0.326-1.527,0.547-2.357,0.646c0.847-0.508,1.498-1.312,1.804-2.27 c-0.793,0.47-1.671,0.812-2.606,0.996C18.324,4.498,17.257,4,16.077,4c-2.266,0-4.103,1.837-4.103,4.103 c0,0.322,0.036,0.635,0.106,0.935C8.67,8.867,5.647,7.234,3.623,4.751C3.27,5.357,3.067,6.062,3.067,6.814 c0,1.424,0.724,2.679,1.825,3.415c-0.673-0.021-1.305-0.206-1.859-0.513c0,0.017,0,0.034,0,0.052c0,1.988,1.414,3.647,3.292,4.023 c-0.344,0.094-0.707,0.144-1.081,0.144c-0.264,0-0.521-0.026-0.772-0.074c0.522,1.63,2.038,2.816,3.833,2.85 c-1.404,1.1-3.174,1.756-5.096,1.756c-0.331,0-0.658-0.019-0.979-0.057c1.816,1.164,3.973,1.843,6.29,1.843 c7.547,0,11.675-6.252,11.675-11.675c0-0.178-0.004-0.355-0.012-0.531C20.985,7.47,21.68,6.747,22.23,5.924z\"><\/path><\/svg><span class=\"wp-block-social-link-label screen-reader-text\">Twitter<\/span><\/a><\/li>\n\n<li style=\"color:#ffffff;background-color:#3962e3;\" class=\"wp-social-link wp-social-link-telegram  wp-block-social-link\"><a href=\"https:\/\/t.me\/share\/url?url=https%3a%2f%2fwww.mstemdebate.com.br&#038;text=%23T\u00f4ComMST+Apoie%21\" class=\"wp-block-social-link-anchor\"><svg width=\"24\" height=\"24\" viewBox=\"0 0 128 128\" version=\"1.1\" xmlns=\"http:\/\/www.w3.org\/2000\/svg\" aria-hidden=\"true\" focusable=\"false\"><path d=\"M28.9700376,63.3244248 C47.6273373,55.1957357 60.0684594,49.8368063 66.2934036,47.2476366 C84.0668845,39.855031 87.7600616,38.5708563 90.1672227,38.528 C90.6966555,38.5191258 91.8804274,38.6503351 92.6472251,39.2725385 C93.294694,39.7979149 93.4728387,40.5076237 93.5580865,41.0057381 C93.6433345,41.5038525 93.7494885,42.63857 93.6651041,43.5252052 C92.7019529,53.6451182 88.5344133,78.2034783 86.4142057,89.5379542 C85.5170662,94.3339958 83.750571,95.9420841 82.0403991,96.0994568 C78.3237996,96.4414641 75.5015827,93.6432685 71.9018743,91.2836143 C66.2690414,87.5912212 63.0868492,85.2926952 57.6192095,81.6896017 C51.3004058,77.5256038 55.3966232,75.2369981 58.9976911,71.4967761 C59.9401076,70.5179421 76.3155302,55.6232293 76.6324771,54.2720454 C76.6721165,54.1030573 76.7089039,53.4731496 76.3346867,53.1405352 C75.9604695,52.8079208 75.4081573,52.921662 75.0095933,53.0121213 C74.444641,53.1403447 65.4461175,59.0880351 48.0140228,70.8551922 C45.4598218,72.6091037 43.1463059,73.4636682 41.0734751,73.4188859 C38.7883453,73.3695169 34.3926725,72.1268388 31.1249416,71.0646282 C27.1169366,69.7617838 23.931454,69.0729605 24.208838,66.8603276 C24.3533167,65.7078514 25.9403832,64.5292172 28.9700376,63.3244248 Z\" \/><\/svg><span class=\"wp-block-social-link-label screen-reader-text\">Telegram<\/span><\/a><\/li>\n\n<li style=\"color:#ffffff;background-color:#3962e3;\" class=\"wp-social-link wp-social-link-linkedin  wp-block-social-link\"><a href=\"https:\/\/www.linkedin.com\/uas\/login?session_redirect=https%3A%2F%2Fwww.linkedin.com%2FshareArticle%3Fmini%3Dtrue%26url%3Dhttps%253a%252f%252fwww.mstemdebate.com.br%26title%3D%2523T%25c3%25b4ComMST%2BApoie%2521%26source%3D\" class=\"wp-block-social-link-anchor\"><svg width=\"24\" height=\"24\" viewBox=\"0 0 24 24\" version=\"1.1\" xmlns=\"http:\/\/www.w3.org\/2000\/svg\" aria-hidden=\"true\" focusable=\"false\"><path d=\"M19.7,3H4.3C3.582,3,3,3.582,3,4.3v15.4C3,20.418,3.582,21,4.3,21h15.4c0.718,0,1.3-0.582,1.3-1.3V4.3 C21,3.582,20.418,3,19.7,3z M8.339,18.338H5.667v-8.59h2.672V18.338z M7.004,8.574c-0.857,0-1.549-0.694-1.549-1.548 c0-0.855,0.691-1.548,1.549-1.548c0.854,0,1.547,0.694,1.547,1.548C8.551,7.881,7.858,8.574,7.004,8.574z M18.339,18.338h-2.669 v-4.177c0-0.996-0.017-2.278-1.387-2.278c-1.389,0-1.601,1.086-1.601,2.206v4.249h-2.667v-8.59h2.559v1.174h0.037 c0.356-0.675,1.227-1.387,2.526-1.387c2.703,0,3.203,1.779,3.203,4.092V18.338z\"><\/path><\/svg><span class=\"wp-block-social-link-label screen-reader-text\">LinkedIn<\/span><\/a><\/li><\/ul>\n<\/li><\/ul>\n\t\t\t\t\t\t\t<\/div>\n\t\t\t\t\t\t<\/div>\n\t\t\t\t\t<\/div>\n\t\t\t\t<\/div><\/nav><\/div>\n<p>Visits: 2948<\/p>","protected":false},"excerpt":{"rendered":"<p>Lettre concernant la Commission d&#8217;enqu\u00eate parlementaire (CPI) contre le Mouvement des travailleurs ruraux sans terre (MST) et contre la r\u00e9forme agraire Monsieur le Pr\u00e9sident de la Chambre des D\u00e9put\u00e9s Monsieur Arthur LIRA , Mesdames et Messieurs les dirigeants de tous les partis, Mesdames et Messieurs les d\u00e9put\u00e9s, Nous soussign\u00e9s manifestons notre pr\u00e9occupation concernant l\u2019orientation prise [&hellip;]<\/p>\n","protected":false},"author":1,"featured_media":0,"parent":0,"menu_order":0,"comment_status":"closed","ping_status":"closed","template":"","meta":{"footnotes":""},"class_list":["post-2","page","type-page","status-publish","hentry"],"blocksy_meta":{"page_structure_type":"type-4","has_hero_section":"default","hero_section":"type-2","content_style_source":"inherit","vertical_spacing_source":"inherit","content_style":{"0":"w","1":"i","2":"d","3":"e","desktop":"wide","tablet":"wide","mobile":"wide","__changed":["mobile"]},"hero_elements":[{"id":"custom_title","enabled":true,"heading_tag":"h1","title":"Home","__id":"b9o55Vm9F0ugZZJBJ9QvC"},{"id":"custom_description","enabled":true,"description_visibility":{"desktop":true,"tablet":true,"mobile":false},"__id":"hitKi1bxaJUY3BAwTGXI7"},{"id":"custom_meta","enabled":false,"meta_elements":[{"id":"author","enabled":true,"label":"Por","has_author_avatar":"yes","avatar_size":25},{"id":"post_date","enabled":true,"label":"Ligar","date_format_source":"default","date_format":"M j, Y"},{"id":"updated_date","enabled":false,"label":"Ligar","date_format_source":"default","date_format":"M j, Y"},{"id":"categories","enabled":false,"label":"Em","style":"simple"},{"id":"comments","enabled":true}],"page_meta_elements":{"joined":true,"articles_count":true,"comments":true},"__id":"bXQ4RykMj9y-_-1Hd32Ht"},{"id":"breadcrumbs","enabled":false,"__id":"7djXLLIiTp7tokuArnYk_"}],"hero_structure":"narrow","disable_header":"no","background":{"desktop":{"background_type":"color","background_pattern":"type-1","background_image":{"attachment_id":null,"x":0,"y":0},"gradient":"linear-gradient(135deg,rgba(6,147,227,1) 0%,rgb(155,81,224) 100%)","background_repeat":"repeat","background_size":"auto","background_attachment":"scroll","patternColor":{"default":{"color":"#e5e7ea"}},"overlayColor":{"default":{"color":"CT_CSS_SKIP_RULE"}},"backgroundColor":{"default":{"color":"CT_CSS_SKIP_RULE"}}},"tablet":{"background_type":"color","background_pattern":"type-1","background_image":{"attachment_id":null,"x":0,"y":0},"gradient":"linear-gradient(135deg,rgba(6,147,227,1) 0%,rgb(155,81,224) 100%)","background_repeat":"repeat","background_size":"auto","background_attachment":"scroll","patternColor":{"default":{"color":"#e5e7ea"}},"overlayColor":{"default":{"color":"CT_CSS_SKIP_RULE"}},"backgroundColor":{"default":{"color":"CT_CSS_SKIP_RULE"}}},"mobile":{"background_type":"color","background_pattern":"type-1","background_image":{"attachment_id":null,"x":0,"y":0},"gradient":"linear-gradient(135deg,rgba(6,147,227,1) 0%,rgb(155,81,224) 100%)","background_repeat":"repeat","background_size":"auto","background_attachment":"scroll","patternColor":{"default":{"color":"#e5e7ea"}},"overlayColor":{"default":{"color":"CT_CSS_SKIP_RULE"}},"backgroundColor":{"default":{"color":"#ffffff"}}},"__changed":["mobile"]},"disable_featured_image":"no","disable_share_box":"no","content_area_spacing":"both","styles_descriptor":{"styles":{"desktop":"","tablet":"","mobile":"[data-prefix=\"single_page\"] {background-color:#ffffff;background-image:none;}"},"google_fonts":[],"version":6}},"_links":{"self":[{"href":"https:\/\/campanhatocommst.mst.org.br\/index.php?rest_route=\/wp\/v2\/pages\/2","targetHints":{"allow":["GET"]}}],"collection":[{"href":"https:\/\/campanhatocommst.mst.org.br\/index.php?rest_route=\/wp\/v2\/pages"}],"about":[{"href":"https:\/\/campanhatocommst.mst.org.br\/index.php?rest_route=\/wp\/v2\/types\/page"}],"author":[{"embeddable":true,"href":"https:\/\/campanhatocommst.mst.org.br\/index.php?rest_route=\/wp\/v2\/users\/1"}],"replies":[{"embeddable":true,"href":"https:\/\/campanhatocommst.mst.org.br\/index.php?rest_route=%2Fwp%2Fv2%2Fcomments&post=2"}],"version-history":[{"count":12,"href":"https:\/\/campanhatocommst.mst.org.br\/index.php?rest_route=\/wp\/v2\/pages\/2\/revisions"}],"predecessor-version":[{"id":303,"href":"https:\/\/campanhatocommst.mst.org.br\/index.php?rest_route=\/wp\/v2\/pages\/2\/revisions\/303"}],"wp:attachment":[{"href":"https:\/\/campanhatocommst.mst.org.br\/index.php?rest_route=%2Fwp%2Fv2%2Fmedia&parent=2"}],"curies":[{"name":"wp","href":"https:\/\/api.w.org\/{rel}","templated":true}]}}